{"id":61,"date":"2019-09-26T14:09:34","date_gmt":"2019-09-26T18:09:34","guid":{"rendered":"https:\/\/relocation.cicadacreative.com\/home\/"},"modified":"2020-01-14T10:57:15","modified_gmt":"2020-01-14T15:57:15","slug":"home","status":"publish","type":"page","link":"https:\/\/relocation.canadiangeographic.ca\/fr\/","title":{"rendered":"Home"},"content":{"rendered":"\r\n            \r\n            \r\n            \r\n            <a name='map3'><\/a>\r\n            <p id='wpgmza_filter_3' style='text-align:left; margin-bottom:0px;'>Filter by<\/p><div class='wpgmza-marker-listing-category-filter' data-map-id='3' style=\"overflow:auto; display:block; width:100%; height:auto; margin-top:10px;\"><div class='wpgmza_filter_container' id='wpgmza_filter_container_3'><div class='wpgmza_cat_checkbox_holder wpgmza_cat_checkbox_3'><ul class='wpgmza_cat_ul wpgmza_cat_checkbox_item_holder '><li class='wpgmza_cat_checkbox_item_holder wpgmza_cat_checkbox_item_holder_8'><input type='checkbox' class='wpgmza_checkbox' id='wpgmza_cat_checkbox_8' name='wpgmza_cat_checkbox' mid=\"3\" value=\"8\" \/><label for='wpgmza_cat_checkbox_8'>Transformation urbaine <\/label><\/li><li class='wpgmza_cat_checkbox_item_holder wpgmza_cat_checkbox_item_holder_9'><input type='checkbox' class='wpgmza_checkbox' id='wpgmza_cat_checkbox_9' name='wpgmza_cat_checkbox' mid=\"3\" value=\"9\" \/><label for='wpgmza_cat_checkbox_9'>Des parcs et des personnes <\/label><\/li><li class='wpgmza_cat_checkbox_item_holder wpgmza_cat_checkbox_item_holder_10'><input type='checkbox' class='wpgmza_checkbox' id='wpgmza_cat_checkbox_10' name='wpgmza_cat_checkbox' mid=\"3\" value=\"10\" \/><label for='wpgmza_cat_checkbox_10'>R\u00e9cits de guerre <\/label><\/li><li class='wpgmza_cat_checkbox_item_holder wpgmza_cat_checkbox_item_holder_11'><input type='checkbox' class='wpgmza_checkbox' id='wpgmza_cat_checkbox_11' name='wpgmza_cat_checkbox' mid=\"3\" value=\"11\" \/><label for='wpgmza_cat_checkbox_11'>De la prosp\u00e9rit\u00e9 \u00e0 la d\u00e9b\u00e2cle <\/label><\/li><li class='wpgmza_cat_checkbox_item_holder wpgmza_cat_checkbox_item_holder_12'><input type='checkbox' class='wpgmza_checkbox' id='wpgmza_cat_checkbox_12' name='wpgmza_cat_checkbox' mid=\"3\" value=\"12\" \/><label for='wpgmza_cat_checkbox_12'>Politiques de d\u00e9placement <\/label><\/li><li class='wpgmza_cat_checkbox_item_holder wpgmza_cat_checkbox_item_holder_13'><input type='checkbox' class='wpgmza_checkbox' id='wpgmza_cat_checkbox_13' name='wpgmza_cat_checkbox' mid=\"3\" value=\"13\" \/><label for='wpgmza_cat_checkbox_13'>D\u00e9veloppement industriel <\/label><\/li><li class='wpgmza_cat_checkbox_item_holder wpgmza_cat_checkbox_item_holder_14'><input type='checkbox' class='wpgmza_checkbox' id='wpgmza_cat_checkbox_14' name='wpgmza_cat_checkbox' mid=\"3\" value=\"14\" \/><label for='wpgmza_cat_checkbox_14'>Vos r\u00e9cits <\/label><\/li><\/ul><\/div><\/div><\/div>\r\n            \r\n            \r\n            \r\n\r\n            <div class=\"wpgmza_map \"  id=\"wpgmza_map_3\" style=\"display:block; overflow:auto; width:100%; height:100%; float:left;\" data-settings='{\"id\":\"3\",\"map_title\":\"*FRENCH* Main Relocation Map\",\"map_width\":\"100\",\"map_height\":\"100\",\"map_start_lat\":\"65.033588\",\"map_start_lng\":\"-108.356992\",\"map_start_location\":\"65.033588,-108.35699199999999\",\"map_start_zoom\":\"3\",\"default_marker\":\"https:\\\/\\\/relocation.canadiangeographic.ca\\\/wp-content\\\/uploads\\\/2019\\\/10\\\/marker.png\",\"type\":\"1\",\"alignment\":\"1\",\"directions_enabled\":\"1\",\"styling_enabled\":\"0\",\"styling_json\":\"\",\"active\":\"0\",\"kml\":\"\",\"bicycle\":\"2\",\"traffic\":\"2\",\"dbox\":\"1\",\"dbox_width\":\"100\",\"listmarkers\":\"0\",\"listmarkers_advanced\":\"0\",\"filterbycat\":\"1\",\"ugm_enabled\":\"1\",\"ugm_category_enabled\":\"1\",\"fusion\":\"\",\"map_width_type\":\"\\\\%\",\"map_height_type\":\"\\\\%\",\"mass_marker_support\":\"1\",\"ugm_access\":\"1\",\"order_markers_by\":\"1\",\"order_markers_choice\":\"2\",\"show_user_location\":\"2\",\"default_to\":\"\",\"other_settings\":{\"store_locator_style\":\"legacy\",\"wpgmza_store_locator_radius_style\":\"legacy\",\"directions_box_style\":\"default\",\"wpgmza_dbox_width_type\":\"%\",\"map_max_zoom\":\"1\",\"map_min_zoom\":\"21\",\"sl_stroke_color\":\"\",\"sl_stroke_opacity\":\"\",\"sl_fill_color\":\"\",\"sl_fill_opacity\":\"\",\"automatically_pan_to_users_location\":0,\"override_users_location_zoom_level\":0,\"click_open_link\":2,\"hide_point_of_interest\":2,\"wpgmza_auto_night\":0,\"transport_layer\":2,\"iw_primary_color\":\"2A3744\",\"iw_accent_color\":\"252F3A\",\"iw_text_color\":\"FFFFFF\",\"wpgmza_iw_type\":\"2\",\"list_markers_by\":\"6\",\"push_in_map\":\"\",\"push_in_map_placement\":\"9\",\"wpgmza_push_in_map_width\":\"\",\"wpgmza_push_in_map_height\":\"\",\"wpgmza_theme_data\":\"[ { \\\\\\\"featureType\\\\\\\": \\\\\\\"all\\\\\\\", \\\\\\\"elementType\\\\\\\": \\\\\\\"geometry.fill\\\\\\\", \\\\\\\"stylers\\\\\\\": [ { \\\\\\\"weight\\\\\\\": \\\\\\\"2.00\\\\\\\" } ] }, { \\\\\\\"featureType\\\\\\\": \\\\\\\"all\\\\\\\", \\\\\\\"elementType\\\\\\\": \\\\\\\"geometry.stroke\\\\\\\", \\\\\\\"stylers\\\\\\\": [ { \\\\\\\"color\\\\\\\": \\\\\\\"#9c9c9c\\\\\\\" } ] }, { \\\\\\\"featureType\\\\\\\": \\\\\\\"all\\\\\\\", \\\\\\\"elementType\\\\\\\": \\\\\\\"labels.text\\\\\\\", \\\\\\\"stylers\\\\\\\": [ { \\\\\\\"visibility\\\\\\\": \\\\\\\"on\\\\\\\" } ] }, { \\\\\\\"featureType\\\\\\\": \\\\\\\"landscape\\\\\\\", \\\\\\\"elementType\\\\\\\": \\\\\\\"all\\\\\\\", \\\\\\\"stylers\\\\\\\": [ { \\\\\\\"color\\\\\\\": \\\\\\\"transparent\\\\\\\" } ] }, { \\\\\\\"featureType\\\\\\\": \\\\\\\"landscape\\\\\\\", \\\\\\\"elementType\\\\\\\": \\\\\\\"geometry.fill\\\\\\\", \\\\\\\"stylers\\\\\\\": [ { \\\\\\\"color\\\\\\\": \\\\\\\"#ffffff\\\\\\\" } ] }, { \\\\\\\"featureType\\\\\\\": \\\\\\\"landscape.man_made\\\\\\\", \\\\\\\"elementType\\\\\\\": \\\\\\\"geometry.fill\\\\\\\", \\\\\\\"stylers\\\\\\\": [ { \\\\\\\"color\\\\\\\": \\\\\\\"#ffffff\\\\\\\" } ] }, { \\\\\\\"featureType\\\\\\\": \\\\\\\"poi\\\\\\\", \\\\\\\"elementType\\\\\\\": \\\\\\\"all\\\\\\\", \\\\\\\"stylers\\\\\\\": [ { \\\\\\\"visibility\\\\\\\": \\\\\\\"off\\\\\\\" } ] }, { \\\\\\\"featureType\\\\\\\": \\\\\\\"road\\\\\\\", \\\\\\\"elementType\\\\\\\": \\\\\\\"all\\\\\\\", \\\\\\\"stylers\\\\\\\": [ { \\\\\\\"saturation\\\\\\\": -100 }, { \\\\\\\"lightness\\\\\\\": 45 } ] }, { \\\\\\\"featureType\\\\\\\": \\\\\\\"road\\\\\\\", \\\\\\\"elementType\\\\\\\": \\\\\\\"geometry.fill\\\\\\\", \\\\\\\"stylers\\\\\\\": [ { \\\\\\\"color\\\\\\\": \\\\\\\"#eeeeee\\\\\\\" } ] }, { \\\\\\\"featureType\\\\\\\": \\\\\\\"road\\\\\\\", \\\\\\\"elementType\\\\\\\": \\\\\\\"labels.text.fill\\\\\\\", \\\\\\\"stylers\\\\\\\": [ { \\\\\\\"color\\\\\\\": \\\\\\\"#7b7b7b\\\\\\\" } ] }, { \\\\\\\"featureType\\\\\\\": \\\\\\\"road\\\\\\\", \\\\\\\"elementType\\\\\\\": \\\\\\\"labels.text.stroke\\\\\\\", \\\\\\\"stylers\\\\\\\": [ { \\\\\\\"color\\\\\\\": \\\\\\\"#ffffff\\\\\\\" } ] }, { \\\\\\\"featureType\\\\\\\": \\\\\\\"road.highway\\\\\\\", \\\\\\\"elementType\\\\\\\": \\\\\\\"all\\\\\\\", \\\\\\\"stylers\\\\\\\": [ { \\\\\\\"visibility\\\\\\\": \\\\\\\"off\\\\\\\" } ] }, { \\\\\\\"featureType\\\\\\\": \\\\\\\"road.arterial\\\\\\\", \\\\\\\"elementType\\\\\\\": \\\\\\\"labels.icon\\\\\\\", \\\\\\\"stylers\\\\\\\": [ { \\\\\\\"visibility\\\\\\\": \\\\\\\"off\\\\\\\" } ] }, { \\\\\\\"featureType\\\\\\\": \\\\\\\"transit\\\\\\\", \\\\\\\"elementType\\\\\\\": \\\\\\\"all\\\\\\\", \\\\\\\"stylers\\\\\\\": [ { \\\\\\\"visibility\\\\\\\": \\\\\\\"off\\\\\\\" } ] }, { \\\\\\\"featureType\\\\\\\": \\\\\\\"water\\\\\\\", \\\\\\\"elementType\\\\\\\": \\\\\\\"all\\\\\\\", \\\\\\\"stylers\\\\\\\": [ { \\\\\\\"color\\\\\\\": \\\\\\\"#46bcec\\\\\\\" }, { \\\\\\\"visibility\\\\\\\": \\\\\\\"on\\\\\\\" } ] }, { \\\\\\\"featureType\\\\\\\": \\\\\\\"water\\\\\\\", \\\\\\\"elementType\\\\\\\": \\\\\\\"geometry.fill\\\\\\\", \\\\\\\"stylers\\\\\\\": [ { \\\\\\\"color\\\\\\\": \\\\\\\"#c8d7d4\\\\\\\" } ] }, { \\\\\\\"featureType\\\\\\\": \\\\\\\"water\\\\\\\", \\\\\\\"elementType\\\\\\\": \\\\\\\"labels.text.fill\\\\\\\", \\\\\\\"stylers\\\\\\\": [ { \\\\\\\"color\\\\\\\": \\\\\\\"#070707\\\\\\\" } ] }, { \\\\\\\"featureType\\\\\\\": \\\\\\\"water\\\\\\\", \\\\\\\"elementType\\\\\\\": \\\\\\\"labels.text.stroke\\\\\\\", \\\\\\\"stylers\\\\\\\": [ { \\\\\\\"color\\\\\\\": \\\\\\\"#ffffff\\\\\\\" } ] } ]\",\"upload_default_ul_marker\":\"\",\"upload_default_sl_marker\":\"\",\"wpgmza_ugm_upload_images\":2,\"wpgmza_ugm_link_enabled\":\"2\",\"wpgmza_ugm_desc_enabled\":\"1\",\"wpgmza_ugm_form_header\":\"Submit a Photo\",\"wpgmza_ugm_form_title\":\"Votre nom\",\"wpgmza_ugm_form_title_ph\":\"Votre nom\",\"wpgmza_ugm_form_address\":\"Adresse\",\"wpgmza_ugm_form_address_ph\":\"Adresse ou coordonn\\u00e9es GPS\",\"wpgmza_ugm_form_address_help\":\"\",\"wpgmza_ugm_form_desc\":\"Votre r\\u00e9cit\",\"wpgmza_ugm_form_link\":\"\",\"wpgmza_ugm_form_link_ph\":\"\",\"wpgmza_ugm_form_image\":\"Photo\",\"wpgmza_ugm_form_category\":\"\",\"zoom_after_ugm_submission\":\"0\"}}' data-shortcode-attributes='{\"id\":\"3\"}'> <\/div>\r\n            \r\n            <div class=\"wpgmza-popout-panel wpgmza-modern-marker-listing wpgmza_marker_list_class\" data-wpgmza-php-class=\"WPGMZA\\MarkerListing\\Modern\" data-wpgmza-rest-api-route=\"\/marker-listing\/\" data-wpgmza-marker-listing=\"true\" data-wpgmza-ajax-parameters='{\"map_id\":\"3\"}' id=\"wpgmza_marker_list_3\">\r\n\t<div class=\"wpgmza-close-container\">\r\n\t\t<span class=\"wpgmza-close\">\r\n\t\t\t<i class=\"fa fa-times\" aria-hidden=\"true\"><\/i>\r\n\t\t<\/span>\r\n\t<\/div>\r\n\t<ul class=\"wpgmza-modern-marker-listing-list-item-container\">\r\n\t\t\r\n\t<\/ul>\r\n<\/div>   \r\n        <div style=\"display:block; width:100%;\">\r\n\t\t\t\t\r\n\t\t\t\t\r\n\t\t\t<div id=\"wpgmaps_directions_edit_3\" style=\"display:none; width:100%; clear:both;\" class=\"wpgmaps_directions_outer_div\">\r\n\t\t\t\t<h2>Get Directions<\/h2>\r\n\t\t\t\t<div data-map-id=\"3\" id=\"wpgmaps_directions_editbox_3\">\r\n\t\t\t\r\n\t\t  \r\n\t\t   \r\n\t\t\t\t\t<div class=\"wpgmza-form-field\">\r\n\t\t\t\r\n\t\t   \t\t\t\t<label for=\"wpgmza_dir_type_3\" class=\"wpgmza-form-field__label\">For<\/label>\r\n                        <select class=\"wpgmza-form-field__input\" id=\"wpgmza_dir_type_3\" name=\"wpgmza_dir_type_3\">\r\n                            <option value=\"DRIVING\" selected=\"selected\">Driving<\/option>\r\n                            <option value=\"WALKING\">Walking<\/option>\r\n                            <option value=\"TRANSIT\">Transit<\/option>\r\n                            <option value=\"BICYCLING\">Bicycling<\/option>\r\n                        <\/select>\r\n                        \r\n                        &nbsp;\r\n                        <a href=\"javascript:void(0);\" mapid=\"3\" id=\"wpgmza_show_options_3\" onclick=\"wpgmza_show_options(3);\" style=\"font-size:10px;\">show options<\/a>\r\n                        <a href=\"javascript:void(0);\" mapid=\"3\" id=\"wpgmza_hide_options_3\" onclick=\"wpgmza_hide_options(3);\" style=\"font-size:10px; display:none;\">hide options<\/a>\r\n                        <div class=\"wpgmza-form-field wpgmza-form-field--no-pad wpgmza_dir_options\" style=\"display:none;\" id=\"wpgmza_options_box_3\">\r\n                            <label for=\"wpgmza_tolls_3\" class=\"wpgmza-form-field__label\"><input type=\"checkbox\" id=\"wpgmza_tolls_3\" name=\"wpgmza_tolls_3\" value=\"tolls\" \/> Avoid Tolls<\/label>\r\n                            <label for=\"wpgmza_highways_3\" class=\"wpgmza-form-field__label\"><input type=\"checkbox\" id=\"wpgmza_highways_3\" name=\"wpgmza_highways_3\" value=\"highways\" \/> Avoid Highways<\/label>\r\n                            <label for=\"wpgmza_ferries_3\" class=\"wpgmza-form-field__label\"><input type=\"checkbox\" id=\"wpgmza_ferries_3\" name=\"wpgmza_ferries_3\" value=\"ferries\" \/> Avoid Ferries<\/label>\r\n                        <\/div>\r\n                    <\/div>\r\n\t\t\t\t\t<div class=\"wpgmza-form-field\">\r\n\t\t\t\t\t\t\t\t   \r\n\t\t\t\t\t\t\t\t\t\r\n\t\t\t\t\t\t\t\t\t\t\t\t\t\t\t\t\t\t\t\t\t\t\t\t\t\t   \r\n\t\t\t\r\n\t\t\t\t\t\t<label for=\"wpgmza_input_from_3\" class=\"wpgmza-form-field__label\">From<\/label>\r\n                        <input class=\"wpgmza-form-field__input wpgmza-directions-from\" type=\"text\" value=\"\" id=\"wpgmza_input_from_3\" placeholder='From' style='width:80%' \/> \r\n                        \r\n                    <\/div>\r\n                    <div class='wpgmza-form-field wpgmza-form-field--no-pad wpgmaps_via wpgmaps_template'>\r\n\t\t\t\t\r\n\t\t\t\t\t   \r\n                        <input type='text' class='wpgmza-form-field__input wpgmaps_via' placeholder='Via'\/>\r\n                        <a href='javascript: ;' class='wpgmaps_remove_via'>\r\n                            Remove\r\n                        <\/a>\r\n                    <\/div>\r\n\t\t   \r\n                    <div class='wpgmza-form-field wpgmza-form-field--no-pad wpgmaps_add_waypoint'>\r\n\t\t\t\t\r\n                        <div class='wpgmaps_add_waypoint'>\r\n                            <a href='javascript: ;' class='wpgmaps_add_waypoint'>\r\n                                <i class='fa fa-plus-circle' aria-hidden='true'><\/i>\r\n                                Add Waypoint\r\n                            <\/a>\r\n                        <\/div>\r\n                    <\/div>\r\n\t\t   \r\n                    <div class='wpgmza-form-field wpgmaps_to_row'>\r\n\t\t\t\t\t\t<label for=\"wpgmza_input_to_3\" class=\"wpgmza-form-field__label\">To<\/label>\r\n                        <input class=\"wpgmza-form-field__input wpgmza-directions-to\" type=\"text\" value=\"\" id=\"wpgmza_input_to_3\" placeholder='To' style='width:80%' \/> \r\n                        \r\n                    <\/div>\r\n                    \r\n                    <div class='wpgmza-form-field wpgmaps_to_row'>\r\n\t\t   \r\n\t\t\t\r\n\t\t   \r\n                        <input onclick=\"javascript:void(0);\" class=\"wpgmaps_get_directions \" id=\"3\" type=\"button\" value=\"Go\"\/>\r\n                    <\/div>\r\n\t\t   \r\n\t\t\t\t\t<\/div>\r\n\t\t\t\t<\/div>\r\n\r\n\t    \r\n\t\t\t\t\r\n\t\t\t\t<div id=\"wpgmaps_directions_notification_3\" style=\"display:none;\">Fetching directions......<\/div>\r\n\t\t\t\t\r\n\t\t\t\t<div id=\"wpgmaps_directions_reset_3\" style=\"display:none;\">\r\n\t\t\t\t\t<a href='javascript:void(0)' onclick='wpgmza_reset_directions(3);' id='wpgmaps_reset_directions' title='Reset directions'>Reset directions<\/a>\r\n\t\t\t\t\t<br \/>\r\n\t\t\t\t\t<a href='javascript: ;' id='wpgmaps_print_directions_3' target='_blank' title='Print directions'>Print directions<\/a>\r\n\t\t\t\t<\/div>\r\n\t\t\t\t\r\n\t\t\t\t<div id=\"directions_panel_3\"><\/div>\r\n\r\n\t\t\t<\/div><h2 style=\"clear:both;\">Submit a Photo<\/h2> <form action='' method=\"POST\"  name=\"wpgmaps_ugm\" class=\"wpgmaps_user_form\" enctype=\"multipart\/form-data\">\r\n\t\t\t\t\t\t<input type='hidden' name='action' value='wpgmza_ugm_process_post'\/>\r\n\t\t\t\t\t\t<input type='hidden' name='redirect_to' value='\/fr\/wp-json\/wp\/v2\/pages\/61'\/>\r\n\t\t     <input type=\"hidden\" name=\"wpgmza_ugm_map_id\" id=\"wpgmza_ugm_map_id\" value=\"3\" \/>     <input type=\"hidden\" name=\"wpgmza_ugm_lat\" id=\"wpgmza_ugm_lat\" value=\"\" \/>     <input type=\"hidden\" name=\"wpgmza_ugm_lng\" id=\"wpgmza_ugm_lng\" value=\"\" \/>     <input type=\"hidden\" name=\"wpgmza_approval\" id=\"wpgmza_approval\" value=\"1\" \/>     <table class='wpgmza_table' style='border:0 !important; width:100%;'>         <tr class='wpgmza-title'>             <td valign=\"top\">Votre nom<\/td>             <td><input id='wpgmza_ugm_add_title' name='wpgmza_ugm_add_title' type='text' size='35' maxlength='200' value='' placeholder='Votre nom' \/><\/td>         <\/tr>         <tr class='wpgmza-address'>             <td valign=\"top\">Adresse<\/td>             <td>                 <input id='wpgmza_ugm_add_address_3' name='wpgmza_ugm_add_address' type='text' size='35' maxlength='200' value='' placeholder='Adresse ou coordonn\u00e9es GPS' \/>                 <p class='desc'>Or right-click on the map and drag to add a marker<\/p>             <\/td>         <\/tr>         <tr class='wpgmza-description'>             <td valign=\"top\">Votre r\u00e9cit<\/td>             <td><textarea id='wpgmza_ugm_add_desc' name='wpgmza_ugm_add_desc'  rows='3' cols='37'><\/textarea> <\/td>         <\/tr>         <tr class='wpgmza-categories'>             <td valign=\"top\">Marker Category<\/td><td><\/td>         <\/tr><tr data-custom-field-id=\"4\">\r\n\t\t\t\t<td>\r\n\t\t\t\t\tyourstories\r\n\t\t\t\t<\/td>\r\n\t\t\t\t<td>\r\n\t\t\t\t\t<input placeholder=\"yourstories\" data-custom-field-name=\"yourstories\" name=\"wpgmza-custom-field-4\"  value=\"yourstories\"\/>\r\n\t\t\t\t<\/td>\r\n\t\t\t<\/tr>         <tr>             <td valign=\"top\"><\/td>             <td><input id='wpgmza_ugm_spm' name='wpgmza_ugm_spm' type='checkbox' value='1'  \/> Please tick this box to prove you are human<\/td>         <\/tr>         <tr>             <td valign=\"top\"><\/td>             <td><input type=\"button\" id=\"wpgmza_ugm_addmarker\" name=\"wpgmza_ugm_addmarker\" value=\"Add marker\" \/><span id=\"wpgmza_ugm_addmarker_loading\"  style=\"display:none;\">Adding...<\/span><\/td>         <\/tr>     <\/table>    <\/form>\n","protected":false},"excerpt":{"rendered":"","protected":false},"author":1,"featured_media":0,"parent":0,"menu_order":0,"comment_status":"closed","ping_status":"closed","template":"thehomepage.php","meta":{"_acf_changed":false,"footnotes":""},"class_list":["post-61","page","type-page","status-publish","hentry"],"acf":[],"_links":{"self":[{"href":"https:\/\/relocation.canadiangeographic.ca\/fr\/wp-json\/wp\/v2\/pages\/61","targetHints":{"allow":["GET"]}}],"collection":[{"href":"https:\/\/relocation.canadiangeographic.ca\/fr\/wp-json\/wp\/v2\/pages"}],"about":[{"href":"https:\/\/relocation.canadiangeographic.ca\/fr\/wp-json\/wp\/v2\/types\/page"}],"author":[{"embeddable":true,"href":"https:\/\/relocation.canadiangeographic.ca\/fr\/wp-json\/wp\/v2\/users\/1"}],"replies":[{"embeddable":true,"href":"https:\/\/relocation.canadiangeographic.ca\/fr\/wp-json\/wp\/v2\/comments?post=61"}],"version-history":[{"count":0,"href":"https:\/\/relocation.canadiangeographic.ca\/fr\/wp-json\/wp\/v2\/pages\/61\/revisions"}],"wp:attachment":[{"href":"https:\/\/relocation.canadiangeographic.ca\/fr\/wp-json\/wp\/v2\/media?parent=61"}],"curies":[{"name":"wp","href":"https:\/\/api.w.org\/{rel}","templated":true}]}}